{"id":10304,"date":"2024-03-21T17:07:14","date_gmt":"2024-03-21T17:07:14","guid":{"rendered":"https:\/\/winesandco.eu\/?post_type=product&#038;p=10304"},"modified":"2026-02-04T11:31:31","modified_gmt":"2026-02-04T11:31:31","slug":"ribeiro-santo-pe-franco","status":"publish","type":"product","link":"https:\/\/winesandco.eu\/en-se\/product\/ribeiro-santo-pe-franco\/","title":{"rendered":"Ribeiro Santo P\u00e9 Franco"},"content":{"rendered":"","protected":false},"excerpt":{"rendered":"<p id=\"tw-target-text\" class=\"tw-data-text tw-text-large tw-ta\" dir=\"ltr\" data-placeholder=\"Tradu\u00e7\u00e3o\" aria-label=\"Texto traduzido\" data-ved=\"2ahUKEwiC9eun3IWFAxWFBdsEHQtUBdgQ3ewLegQICRAU\"><span class=\"Y2IQFc\" lang=\"en\">Delicate pink in color, this wine has a gentle aroma of red fruits and rose petals. In a genuine expression of the terroir, made possible through grape varieties planted on open trees, we obtain a wine characterized by robustness, complexity and elegant acidity. With its freshness and juicy aftertaste, we found a distinct ros\u00e9 in our tasting.<\/span><\/p>\n","protected":false},"featured_media":10305,"template":"","meta":{"_acf_changed":false,"alcohol-content":"12.5","sugar-content":""},"product_brand":[],"product_cat":[24],"product_tag":[],"promotionss":[],"pairings":[103,262,106],"grapes":[129,88],"regions":[96],"class_list":{"0":"post-10304","1":"product","2":"type-product","3":"status-publish","4":"has-post-thumbnail","6":"product_cat-rose","7":"pairings-asian","8":"pairings-fish","9":"pairings-seafood","10":"grapes-tinta-roriz","11":"grapes-touriga-nacional","12":"regions-dao","14":"first","15":"instock","16":"shipping-taxable","17":"purchasable","18":"product-type-simple"},"acf":[],"yoast_head":"<!-- This site is optimized with the Yoast SEO plugin v24.5 - https:\/\/yoast.com\/wordpress\/plugins\/seo\/ -->\n<title>Ribeiro Santo P\u00e9 Franco - Wines&amp;Co<\/title>\n<meta name=\"description\" content=\"Discover Ribeiro Santo P\u00e9 Franco, premium ros\u00e9 wine from D\u00e3o. Buy premium Portuguese wines at Wines&amp;Co, providing the finest wines to the Algarve.\" \/>\n<meta name=\"robots\" content=\"index, follow, max-snippet:-1, max-image-preview:large, max-video-preview:-1\" \/>\n<link rel=\"canonical\" href=\"https:\/\/winesandco.eu\/en-se\/product\/ribeiro-santo-pe-franco\/\" \/>\n<meta property=\"og:locale\" content=\"en_US\" \/>\n<meta property=\"og:type\" content=\"article\" \/>\n<meta property=\"og:title\" content=\"Ribeiro Santo P\u00e9 Franco - Wines&amp;Co\" \/>\n<meta property=\"og:description\" content=\"Discover Ribeiro Santo P\u00e9 Franco, premium ros\u00e9 wine from D\u00e3o. Buy premium Portuguese wines at Wines&amp;Co, providing the finest wines to the Algarve.\" \/>\n<meta property=\"og:url\" content=\"https:\/\/winesandco.eu\/en-se\/product\/ribeiro-santo-pe-franco\/\" \/>\n<meta property=\"og:site_name\" content=\"Wines&amp;Co\" \/>\n<meta property=\"article:publisher\" content=\"https:\/\/www.facebook.com\/WinesandCo\" \/>\n<meta property=\"article:modified_time\" content=\"2026-02-04T11:31:31+00:00\" \/>\n<meta property=\"og:image\" content=\"https:\/\/winesandco.eu\/wp-content\/uploads\/2024\/03\/Ribeiro-Santo-Pe-Franco-01.png\" \/>\n\t<meta property=\"og:image:width\" content=\"2048\" \/>\n\t<meta property=\"og:image:height\" content=\"2048\" \/>\n\t<meta property=\"og:image:type\" content=\"image\/png\" \/>\n<meta name=\"twitter:card\" content=\"summary_large_image\" \/>\n<meta name=\"twitter:label1\" content=\"Est. reading time\" \/>\n\t<meta name=\"twitter:data1\" content=\"1 minute\" \/>\n<script type=\"application\/ld+json\" class=\"yoast-schema-graph\">{\"@context\":\"https:\/\/schema.org\",\"@graph\":[{\"@type\":\"WebPage\",\"@id\":\"https:\/\/winesandco.eu\/en-se\/product\/ribeiro-santo-pe-franco\/\",\"url\":\"https:\/\/winesandco.eu\/en-se\/product\/ribeiro-santo-pe-franco\/\",\"name\":\"Ribeiro Santo P\u00e9 Franco - Wines&amp;Co\",\"isPartOf\":{\"@id\":\"https:\/\/winesandco.eu\/en-se\/#website\"},\"primaryImageOfPage\":{\"@id\":\"https:\/\/winesandco.eu\/en-se\/product\/ribeiro-santo-pe-franco\/#primaryimage\"},\"image\":{\"@id\":\"https:\/\/winesandco.eu\/en-se\/product\/ribeiro-santo-pe-franco\/#primaryimage\"},\"thumbnailUrl\":\"https:\/\/winesandco.eu\/wp-content\/uploads\/2024\/03\/Ribeiro-Santo-Pe-Franco-01.png\",\"datePublished\":\"2024-03-21T17:07:14+00:00\",\"dateModified\":\"2026-02-04T11:31:31+00:00\",\"description\":\"Discover Ribeiro Santo P\u00e9 Franco, premium ros\u00e9 wine from D\u00e3o. Buy premium Portuguese wines at Wines&Co, providing the finest wines to the Algarve.\",\"breadcrumb\":{\"@id\":\"https:\/\/winesandco.eu\/en-se\/product\/ribeiro-santo-pe-franco\/#breadcrumb\"},\"inLanguage\":\"en-SE\",\"potentialAction\":[{\"@type\":\"ReadAction\",\"target\":[\"https:\/\/winesandco.eu\/en-se\/product\/ribeiro-santo-pe-franco\/\"]}]},{\"@type\":\"ImageObject\",\"inLanguage\":\"en-SE\",\"@id\":\"https:\/\/winesandco.eu\/en-se\/product\/ribeiro-santo-pe-franco\/#primaryimage\",\"url\":\"https:\/\/winesandco.eu\/wp-content\/uploads\/2024\/03\/Ribeiro-Santo-Pe-Franco-01.png\",\"contentUrl\":\"https:\/\/winesandco.eu\/wp-content\/uploads\/2024\/03\/Ribeiro-Santo-Pe-Franco-01.png\",\"width\":2048,\"height\":2048,\"caption\":\"Ribeiro Santo P\u00e9 Franco rose wine\"},{\"@type\":\"BreadcrumbList\",\"@id\":\"https:\/\/winesandco.eu\/en-se\/product\/ribeiro-santo-pe-franco\/#breadcrumb\",\"itemListElement\":[{\"@type\":\"ListItem\",\"position\":1,\"name\":\"Home\",\"item\":\"https:\/\/winesandco.eu\/en-se\/\"},{\"@type\":\"ListItem\",\"position\":2,\"name\":\"Shop\",\"item\":\"https:\/\/winesandco.eu\/en-se\/shop\/\"},{\"@type\":\"ListItem\",\"position\":3,\"name\":\"Ribeiro Santo P\u00e9 Franco\"}]},{\"@type\":\"WebSite\",\"@id\":\"https:\/\/winesandco.eu\/en-se\/#website\",\"url\":\"https:\/\/winesandco.eu\/en-se\/\",\"name\":\"Wines&amp;Co\",\"description\":\"Exclusive wines\",\"publisher\":{\"@id\":\"https:\/\/winesandco.eu\/en-se\/#organization\"},\"potentialAction\":[{\"@type\":\"SearchAction\",\"target\":{\"@type\":\"EntryPoint\",\"urlTemplate\":\"https:\/\/winesandco.eu\/en-se\/?s={search_term_string}\"},\"query-input\":{\"@type\":\"PropertyValueSpecification\",\"valueRequired\":true,\"valueName\":\"search_term_string\"}}],\"inLanguage\":\"en-SE\"},{\"@type\":\"Organization\",\"@id\":\"https:\/\/winesandco.eu\/en-se\/#organization\",\"name\":\"Wines&Co\",\"url\":\"https:\/\/winesandco.eu\/en-se\/\",\"logo\":{\"@type\":\"ImageObject\",\"inLanguage\":\"en-SE\",\"@id\":\"https:\/\/winesandco.eu\/en-se\/#\/schema\/logo\/image\/\",\"url\":\"https:\/\/winesandco.eu\/wp-content\/uploads\/2023\/02\/LOGO.svg\",\"contentUrl\":\"https:\/\/winesandco.eu\/wp-content\/uploads\/2023\/02\/LOGO.svg\",\"width\":685.799999999999954525264911353588104248046875,\"height\":68.7999999999999971578290569595992565155029296875,\"caption\":\"Wines&Co\"},\"image\":{\"@id\":\"https:\/\/winesandco.eu\/en-se\/#\/schema\/logo\/image\/\"},\"sameAs\":[\"https:\/\/www.facebook.com\/WinesandCo\",\"https:\/\/www.instagram.com\/winesandco\/\"]}]}<\/script>\n<!-- \/ Yoast SEO plugin. -->","yoast_head_json":{"title":"Ribeiro Santo P\u00e9 Franco - Wines&amp;Co","description":"Discover Ribeiro Santo P\u00e9 Franco, premium ros\u00e9 wine from D\u00e3o. Buy premium Portuguese wines at Wines&Co, providing the finest wines to the Algarve.","robots":{"index":"index","follow":"follow","max-snippet":"max-snippet:-1","max-image-preview":"max-image-preview:large","max-video-preview":"max-video-preview:-1"},"canonical":"https:\/\/winesandco.eu\/en-se\/product\/ribeiro-santo-pe-franco\/","og_locale":"en_US","og_type":"article","og_title":"Ribeiro Santo P\u00e9 Franco - Wines&amp;Co","og_description":"Discover Ribeiro Santo P\u00e9 Franco, premium ros\u00e9 wine from D\u00e3o. Buy premium Portuguese wines at Wines&Co, providing the finest wines to the Algarve.","og_url":"https:\/\/winesandco.eu\/en-se\/product\/ribeiro-santo-pe-franco\/","og_site_name":"Wines&amp;Co","article_publisher":"https:\/\/www.facebook.com\/WinesandCo","article_modified_time":"2026-02-04T11:31:31+00:00","og_image":[{"width":2048,"height":2048,"url":"https:\/\/winesandco.eu\/wp-content\/uploads\/2024\/03\/Ribeiro-Santo-Pe-Franco-01.png","type":"image\/png"}],"twitter_card":"summary_large_image","twitter_misc":{"Est. reading time":"1 minute"},"schema":{"@context":"https:\/\/schema.org","@graph":[{"@type":"WebPage","@id":"https:\/\/winesandco.eu\/en-se\/product\/ribeiro-santo-pe-franco\/","url":"https:\/\/winesandco.eu\/en-se\/product\/ribeiro-santo-pe-franco\/","name":"Ribeiro Santo P\u00e9 Franco - Wines&amp;Co","isPartOf":{"@id":"https:\/\/winesandco.eu\/en-se\/#website"},"primaryImageOfPage":{"@id":"https:\/\/winesandco.eu\/en-se\/product\/ribeiro-santo-pe-franco\/#primaryimage"},"image":{"@id":"https:\/\/winesandco.eu\/en-se\/product\/ribeiro-santo-pe-franco\/#primaryimage"},"thumbnailUrl":"https:\/\/winesandco.eu\/wp-content\/uploads\/2024\/03\/Ribeiro-Santo-Pe-Franco-01.png","datePublished":"2024-03-21T17:07:14+00:00","dateModified":"2026-02-04T11:31:31+00:00","description":"Discover Ribeiro Santo P\u00e9 Franco, premium ros\u00e9 wine from D\u00e3o. Buy premium Portuguese wines at Wines&Co, providing the finest wines to the Algarve.","breadcrumb":{"@id":"https:\/\/winesandco.eu\/en-se\/product\/ribeiro-santo-pe-franco\/#breadcrumb"},"inLanguage":"en-SE","potentialAction":[{"@type":"ReadAction","target":["https:\/\/winesandco.eu\/en-se\/product\/ribeiro-santo-pe-franco\/"]}]},{"@type":"ImageObject","inLanguage":"en-SE","@id":"https:\/\/winesandco.eu\/en-se\/product\/ribeiro-santo-pe-franco\/#primaryimage","url":"https:\/\/winesandco.eu\/wp-content\/uploads\/2024\/03\/Ribeiro-Santo-Pe-Franco-01.png","contentUrl":"https:\/\/winesandco.eu\/wp-content\/uploads\/2024\/03\/Ribeiro-Santo-Pe-Franco-01.png","width":2048,"height":2048,"caption":"Ribeiro Santo P\u00e9 Franco rose wine"},{"@type":"BreadcrumbList","@id":"https:\/\/winesandco.eu\/en-se\/product\/ribeiro-santo-pe-franco\/#breadcrumb","itemListElement":[{"@type":"ListItem","position":1,"name":"Home","item":"https:\/\/winesandco.eu\/en-se\/"},{"@type":"ListItem","position":2,"name":"Shop","item":"https:\/\/winesandco.eu\/en-se\/shop\/"},{"@type":"ListItem","position":3,"name":"Ribeiro Santo P\u00e9 Franco"}]},{"@type":"WebSite","@id":"https:\/\/winesandco.eu\/en-se\/#website","url":"https:\/\/winesandco.eu\/en-se\/","name":"Wines&amp;Co","description":"Exclusive wines","publisher":{"@id":"https:\/\/winesandco.eu\/en-se\/#organization"},"potentialAction":[{"@type":"SearchAction","target":{"@type":"EntryPoint","urlTemplate":"https:\/\/winesandco.eu\/en-se\/?s={search_term_string}"},"query-input":{"@type":"PropertyValueSpecification","valueRequired":true,"valueName":"search_term_string"}}],"inLanguage":"en-SE"},{"@type":"Organization","@id":"https:\/\/winesandco.eu\/en-se\/#organization","name":"Wines&Co","url":"https:\/\/winesandco.eu\/en-se\/","logo":{"@type":"ImageObject","inLanguage":"en-SE","@id":"https:\/\/winesandco.eu\/en-se\/#\/schema\/logo\/image\/","url":"https:\/\/winesandco.eu\/wp-content\/uploads\/2023\/02\/LOGO.svg","contentUrl":"https:\/\/winesandco.eu\/wp-content\/uploads\/2023\/02\/LOGO.svg","width":685.799999999999954525264911353588104248046875,"height":68.7999999999999971578290569595992565155029296875,"caption":"Wines&Co"},"image":{"@id":"https:\/\/winesandco.eu\/en-se\/#\/schema\/logo\/image\/"},"sameAs":["https:\/\/www.facebook.com\/WinesandCo","https:\/\/www.instagram.com\/winesandco\/"]}]}},"_links":{"self":[{"href":"https:\/\/winesandco.eu\/en-se\/wp-json\/wp\/v2\/product\/10304","targetHints":{"allow":["GET"]}}],"collection":[{"href":"https:\/\/winesandco.eu\/en-se\/wp-json\/wp\/v2\/product"}],"about":[{"href":"https:\/\/winesandco.eu\/en-se\/wp-json\/wp\/v2\/types\/product"}],"wp:featuredmedia":[{"embeddable":true,"href":"https:\/\/winesandco.eu\/en-se\/wp-json\/wp\/v2\/media\/10305"}],"wp:attachment":[{"href":"https:\/\/winesandco.eu\/en-se\/wp-json\/wp\/v2\/media?parent=10304"}],"wp:term":[{"taxonomy":"product_brand","embeddable":true,"href":"https:\/\/winesandco.eu\/en-se\/wp-json\/wp\/v2\/product_brand?post=10304"},{"taxonomy":"product_cat","embeddable":true,"href":"https:\/\/winesandco.eu\/en-se\/wp-json\/wp\/v2\/product_cat?post=10304"},{"taxonomy":"product_tag","embeddable":true,"href":"https:\/\/winesandco.eu\/en-se\/wp-json\/wp\/v2\/product_tag?post=10304"},{"taxonomy":"promotionss","embeddable":true,"href":"https:\/\/winesandco.eu\/en-se\/wp-json\/wp\/v2\/promotionss?post=10304"},{"taxonomy":"pairings","embeddable":true,"href":"https:\/\/winesandco.eu\/en-se\/wp-json\/wp\/v2\/pairings?post=10304"},{"taxonomy":"grapes","embeddable":true,"href":"https:\/\/winesandco.eu\/en-se\/wp-json\/wp\/v2\/grapes?post=10304"},{"taxonomy":"regions","embeddable":true,"href":"https:\/\/winesandco.eu\/en-se\/wp-json\/wp\/v2\/regions?post=10304"}],"curies":[{"name":"wp","href":"https:\/\/api.w.org\/{rel}","templated":true}]}}