{"id":3524,"date":"2023-03-07T14:34:30","date_gmt":"2023-03-07T12:34:30","guid":{"rendered":"https:\/\/winesandco.eu\/product\/adega-mae-pinot-noir-red-2\/"},"modified":"2026-05-14T10:42:31","modified_gmt":"2026-05-14T09:42:31","slug":"adega-mae-pinot-noir-red-2","status":"publish","type":"product","link":"https:\/\/winesandco.eu\/en-gb\/product\/adega-mae-pinot-noir-red-2\/","title":{"rendered":"AdegaM\u00e3e Atl\u00e2ntico Pinot Noir"},"content":{"rendered":"","protected":false},"excerpt":{"rendered":"<p>Displaying a brilliant, translucent ruby hue, this red wine is the epitome of modern elegance. It opens with an inviting aromatic intensity, characterized by delicate floral notes and fresh red berries, complemented by a subtle touch of sweet spice. On the palate, it is remarkably light-bodied yet well-structured, boasting a vibrant energy and bracing acidity. Dominating the tasting experience are flavours of crunchy young redcurrants and raspberries, leading to a persistent and uplifting finish. A sophisticated choice for those who appreciate finesse over power.<\/p>\n","protected":false},"featured_media":12382,"template":"","meta":{"_acf_changed":false,"alcohol-content":"13","sugar-content":""},"product_brand":[],"product_cat":[23],"product_tag":[],"promotionss":[430],"pairings":[103,105,107,262,261],"grapes":[161],"regions":[137],"class_list":{"0":"post-3524","1":"product","2":"type-product","3":"status-publish","4":"has-post-thumbnail","6":"product_cat-red-wine","7":"promotionss-adegamae-monovarietal-wines","8":"pairings-asian","9":"pairings-cheese","10":"pairings-chicken","11":"pairings-fish","12":"pairings-mushrooms","13":"grapes-pinot-noir","14":"regions-lisboa","16":"first","17":"instock","18":"shipping-taxable","19":"purchasable","20":"product-type-simple"},"acf":[],"yoast_head":"<!-- This site is optimized with the Yoast SEO plugin v24.5 - https:\/\/yoast.com\/wordpress\/plugins\/seo\/ -->\n<title>AdegaM\u00e3e Atl\u00e2ntico Pinot Noir - Wines&amp;Co<\/title>\n<meta name=\"description\" content=\"Discover AdegaM\u00e3e Atlantic Pinot Noir, light red wine from Lisbon. Buy authentic Portuguese wines at Wines &amp; Co, your trusted Algarve distributor.\" \/>\n<meta name=\"robots\" content=\"index, follow, max-snippet:-1, max-image-preview:large, max-video-preview:-1\" \/>\n<link rel=\"canonical\" href=\"https:\/\/winesandco.eu\/en-gb\/product\/adega-mae-pinot-noir-red-2\/\" \/>\n<meta property=\"og:locale\" content=\"en_GB\" \/>\n<meta property=\"og:type\" content=\"article\" \/>\n<meta property=\"og:title\" content=\"AdegaM\u00e3e Atl\u00e2ntico Pinot Noir - Wines&amp;Co\" \/>\n<meta property=\"og:description\" content=\"Discover AdegaM\u00e3e Atlantic Pinot Noir, light red wine from Lisbon. Buy authentic Portuguese wines at Wines &amp; Co, your trusted Algarve distributor.\" \/>\n<meta property=\"og:url\" content=\"https:\/\/winesandco.eu\/en-gb\/product\/adega-mae-pinot-noir-red-2\/\" \/>\n<meta property=\"og:site_name\" content=\"Wines&amp;Co\" \/>\n<meta property=\"article:publisher\" content=\"https:\/\/www.facebook.com\/WinesandCo\" \/>\n<meta property=\"article:modified_time\" content=\"2026-05-14T09:42:31+00:00\" \/>\n<meta property=\"og:image\" content=\"https:\/\/winesandco.eu\/wp-content\/uploads\/2023\/03\/AdegaMae-Atlantico-Pinot-Noir.png\" \/>\n\t<meta property=\"og:image:width\" content=\"2048\" \/>\n\t<meta property=\"og:image:height\" content=\"2048\" \/>\n\t<meta property=\"og:image:type\" content=\"image\/png\" \/>\n<meta name=\"twitter:card\" content=\"summary_large_image\" \/>\n<meta name=\"twitter:label1\" content=\"Estimated reading time\" \/>\n\t<meta name=\"twitter:data1\" content=\"1 minute\" \/>\n<script type=\"application\/ld+json\" class=\"yoast-schema-graph\">{\"@context\":\"https:\/\/schema.org\",\"@graph\":[{\"@type\":\"WebPage\",\"@id\":\"https:\/\/winesandco.eu\/en-gb\/product\/adega-mae-pinot-noir-red-2\/\",\"url\":\"https:\/\/winesandco.eu\/en-gb\/product\/adega-mae-pinot-noir-red-2\/\",\"name\":\"AdegaM\u00e3e Atl\u00e2ntico Pinot Noir - Wines&amp;Co\",\"isPartOf\":{\"@id\":\"https:\/\/winesandco.eu\/en-gb\/#website\"},\"primaryImageOfPage\":{\"@id\":\"https:\/\/winesandco.eu\/en-gb\/product\/adega-mae-pinot-noir-red-2\/#primaryimage\"},\"image\":{\"@id\":\"https:\/\/winesandco.eu\/en-gb\/product\/adega-mae-pinot-noir-red-2\/#primaryimage\"},\"thumbnailUrl\":\"https:\/\/winesandco.eu\/wp-content\/uploads\/2023\/03\/AdegaMae-Atlantico-Pinot-Noir.png\",\"datePublished\":\"2023-03-07T12:34:30+00:00\",\"dateModified\":\"2026-05-14T09:42:31+00:00\",\"description\":\"Discover AdegaM\u00e3e Atlantic Pinot Noir, light red wine from Lisbon. Buy authentic Portuguese wines at Wines & Co, your trusted Algarve distributor.\",\"breadcrumb\":{\"@id\":\"https:\/\/winesandco.eu\/en-gb\/product\/adega-mae-pinot-noir-red-2\/#breadcrumb\"},\"inLanguage\":\"en-GB\",\"potentialAction\":[{\"@type\":\"ReadAction\",\"target\":[\"https:\/\/winesandco.eu\/en-gb\/product\/adega-mae-pinot-noir-red-2\/\"]}]},{\"@type\":\"ImageObject\",\"inLanguage\":\"en-GB\",\"@id\":\"https:\/\/winesandco.eu\/en-gb\/product\/adega-mae-pinot-noir-red-2\/#primaryimage\",\"url\":\"https:\/\/winesandco.eu\/wp-content\/uploads\/2023\/03\/AdegaMae-Atlantico-Pinot-Noir.png\",\"contentUrl\":\"https:\/\/winesandco.eu\/wp-content\/uploads\/2023\/03\/AdegaMae-Atlantico-Pinot-Noir.png\",\"width\":2048,\"height\":2048,\"caption\":\"AdegaM\u00e3e Atlantico Pinot Noir red wine\"},{\"@type\":\"BreadcrumbList\",\"@id\":\"https:\/\/winesandco.eu\/en-gb\/product\/adega-mae-pinot-noir-red-2\/#breadcrumb\",\"itemListElement\":[{\"@type\":\"ListItem\",\"position\":1,\"name\":\"Home\",\"item\":\"https:\/\/winesandco.eu\/en-gb\/\"},{\"@type\":\"ListItem\",\"position\":2,\"name\":\"Shop\",\"item\":\"https:\/\/winesandco.eu\/en-gb\/shop\/\"},{\"@type\":\"ListItem\",\"position\":3,\"name\":\"AdegaM\u00e3e Atl\u00e2ntico Pinot Noir\"}]},{\"@type\":\"WebSite\",\"@id\":\"https:\/\/winesandco.eu\/en-gb\/#website\",\"url\":\"https:\/\/winesandco.eu\/en-gb\/\",\"name\":\"Wines&amp;Co\",\"description\":\"Exclusive wines\",\"publisher\":{\"@id\":\"https:\/\/winesandco.eu\/en-gb\/#organization\"},\"potentialAction\":[{\"@type\":\"SearchAction\",\"target\":{\"@type\":\"EntryPoint\",\"urlTemplate\":\"https:\/\/winesandco.eu\/en-gb\/?s={search_term_string}\"},\"query-input\":{\"@type\":\"PropertyValueSpecification\",\"valueRequired\":true,\"valueName\":\"search_term_string\"}}],\"inLanguage\":\"en-GB\"},{\"@type\":\"Organization\",\"@id\":\"https:\/\/winesandco.eu\/en-gb\/#organization\",\"name\":\"Wines&Co\",\"url\":\"https:\/\/winesandco.eu\/en-gb\/\",\"logo\":{\"@type\":\"ImageObject\",\"inLanguage\":\"en-GB\",\"@id\":\"https:\/\/winesandco.eu\/en-gb\/#\/schema\/logo\/image\/\",\"url\":\"https:\/\/winesandco.eu\/wp-content\/uploads\/2023\/02\/LOGO.svg\",\"contentUrl\":\"https:\/\/winesandco.eu\/wp-content\/uploads\/2023\/02\/LOGO.svg\",\"width\":685.799999999999954525264911353588104248046875,\"height\":68.7999999999999971578290569595992565155029296875,\"caption\":\"Wines&Co\"},\"image\":{\"@id\":\"https:\/\/winesandco.eu\/en-gb\/#\/schema\/logo\/image\/\"},\"sameAs\":[\"https:\/\/www.facebook.com\/WinesandCo\",\"https:\/\/www.instagram.com\/winesandco\/\"]}]}<\/script>\n<!-- \/ Yoast SEO plugin. -->","yoast_head_json":{"title":"AdegaM\u00e3e Atl\u00e2ntico Pinot Noir - Wines&amp;Co","description":"Discover AdegaM\u00e3e Atlantic Pinot Noir, light red wine from Lisbon. Buy authentic Portuguese wines at Wines & Co, your trusted Algarve distributor.","robots":{"index":"index","follow":"follow","max-snippet":"max-snippet:-1","max-image-preview":"max-image-preview:large","max-video-preview":"max-video-preview:-1"},"canonical":"https:\/\/winesandco.eu\/en-gb\/product\/adega-mae-pinot-noir-red-2\/","og_locale":"en_GB","og_type":"article","og_title":"AdegaM\u00e3e Atl\u00e2ntico Pinot Noir - Wines&amp;Co","og_description":"Discover AdegaM\u00e3e Atlantic Pinot Noir, light red wine from Lisbon. Buy authentic Portuguese wines at Wines & Co, your trusted Algarve distributor.","og_url":"https:\/\/winesandco.eu\/en-gb\/product\/adega-mae-pinot-noir-red-2\/","og_site_name":"Wines&amp;Co","article_publisher":"https:\/\/www.facebook.com\/WinesandCo","article_modified_time":"2026-05-14T09:42:31+00:00","og_image":[{"width":2048,"height":2048,"url":"https:\/\/winesandco.eu\/wp-content\/uploads\/2023\/03\/AdegaMae-Atlantico-Pinot-Noir.png","type":"image\/png"}],"twitter_card":"summary_large_image","twitter_misc":{"Estimated reading time":"1 minute"},"schema":{"@context":"https:\/\/schema.org","@graph":[{"@type":"WebPage","@id":"https:\/\/winesandco.eu\/en-gb\/product\/adega-mae-pinot-noir-red-2\/","url":"https:\/\/winesandco.eu\/en-gb\/product\/adega-mae-pinot-noir-red-2\/","name":"AdegaM\u00e3e Atl\u00e2ntico Pinot Noir - Wines&amp;Co","isPartOf":{"@id":"https:\/\/winesandco.eu\/en-gb\/#website"},"primaryImageOfPage":{"@id":"https:\/\/winesandco.eu\/en-gb\/product\/adega-mae-pinot-noir-red-2\/#primaryimage"},"image":{"@id":"https:\/\/winesandco.eu\/en-gb\/product\/adega-mae-pinot-noir-red-2\/#primaryimage"},"thumbnailUrl":"https:\/\/winesandco.eu\/wp-content\/uploads\/2023\/03\/AdegaMae-Atlantico-Pinot-Noir.png","datePublished":"2023-03-07T12:34:30+00:00","dateModified":"2026-05-14T09:42:31+00:00","description":"Discover AdegaM\u00e3e Atlantic Pinot Noir, light red wine from Lisbon. Buy authentic Portuguese wines at Wines & Co, your trusted Algarve distributor.","breadcrumb":{"@id":"https:\/\/winesandco.eu\/en-gb\/product\/adega-mae-pinot-noir-red-2\/#breadcrumb"},"inLanguage":"en-GB","potentialAction":[{"@type":"ReadAction","target":["https:\/\/winesandco.eu\/en-gb\/product\/adega-mae-pinot-noir-red-2\/"]}]},{"@type":"ImageObject","inLanguage":"en-GB","@id":"https:\/\/winesandco.eu\/en-gb\/product\/adega-mae-pinot-noir-red-2\/#primaryimage","url":"https:\/\/winesandco.eu\/wp-content\/uploads\/2023\/03\/AdegaMae-Atlantico-Pinot-Noir.png","contentUrl":"https:\/\/winesandco.eu\/wp-content\/uploads\/2023\/03\/AdegaMae-Atlantico-Pinot-Noir.png","width":2048,"height":2048,"caption":"AdegaM\u00e3e Atlantico Pinot Noir red wine"},{"@type":"BreadcrumbList","@id":"https:\/\/winesandco.eu\/en-gb\/product\/adega-mae-pinot-noir-red-2\/#breadcrumb","itemListElement":[{"@type":"ListItem","position":1,"name":"Home","item":"https:\/\/winesandco.eu\/en-gb\/"},{"@type":"ListItem","position":2,"name":"Shop","item":"https:\/\/winesandco.eu\/en-gb\/shop\/"},{"@type":"ListItem","position":3,"name":"AdegaM\u00e3e Atl\u00e2ntico Pinot Noir"}]},{"@type":"WebSite","@id":"https:\/\/winesandco.eu\/en-gb\/#website","url":"https:\/\/winesandco.eu\/en-gb\/","name":"Wines&amp;Co","description":"Exclusive wines","publisher":{"@id":"https:\/\/winesandco.eu\/en-gb\/#organization"},"potentialAction":[{"@type":"SearchAction","target":{"@type":"EntryPoint","urlTemplate":"https:\/\/winesandco.eu\/en-gb\/?s={search_term_string}"},"query-input":{"@type":"PropertyValueSpecification","valueRequired":true,"valueName":"search_term_string"}}],"inLanguage":"en-GB"},{"@type":"Organization","@id":"https:\/\/winesandco.eu\/en-gb\/#organization","name":"Wines&Co","url":"https:\/\/winesandco.eu\/en-gb\/","logo":{"@type":"ImageObject","inLanguage":"en-GB","@id":"https:\/\/winesandco.eu\/en-gb\/#\/schema\/logo\/image\/","url":"https:\/\/winesandco.eu\/wp-content\/uploads\/2023\/02\/LOGO.svg","contentUrl":"https:\/\/winesandco.eu\/wp-content\/uploads\/2023\/02\/LOGO.svg","width":685.799999999999954525264911353588104248046875,"height":68.7999999999999971578290569595992565155029296875,"caption":"Wines&Co"},"image":{"@id":"https:\/\/winesandco.eu\/en-gb\/#\/schema\/logo\/image\/"},"sameAs":["https:\/\/www.facebook.com\/WinesandCo","https:\/\/www.instagram.com\/winesandco\/"]}]}},"_links":{"self":[{"href":"https:\/\/winesandco.eu\/en-gb\/wp-json\/wp\/v2\/product\/3524","targetHints":{"allow":["GET"]}}],"collection":[{"href":"https:\/\/winesandco.eu\/en-gb\/wp-json\/wp\/v2\/product"}],"about":[{"href":"https:\/\/winesandco.eu\/en-gb\/wp-json\/wp\/v2\/types\/product"}],"wp:featuredmedia":[{"embeddable":true,"href":"https:\/\/winesandco.eu\/en-gb\/wp-json\/wp\/v2\/media\/12382"}],"wp:attachment":[{"href":"https:\/\/winesandco.eu\/en-gb\/wp-json\/wp\/v2\/media?parent=3524"}],"wp:term":[{"taxonomy":"product_brand","embeddable":true,"href":"https:\/\/winesandco.eu\/en-gb\/wp-json\/wp\/v2\/product_brand?post=3524"},{"taxonomy":"product_cat","embeddable":true,"href":"https:\/\/winesandco.eu\/en-gb\/wp-json\/wp\/v2\/product_cat?post=3524"},{"taxonomy":"product_tag","embeddable":true,"href":"https:\/\/winesandco.eu\/en-gb\/wp-json\/wp\/v2\/product_tag?post=3524"},{"taxonomy":"promotionss","embeddable":true,"href":"https:\/\/winesandco.eu\/en-gb\/wp-json\/wp\/v2\/promotionss?post=3524"},{"taxonomy":"pairings","embeddable":true,"href":"https:\/\/winesandco.eu\/en-gb\/wp-json\/wp\/v2\/pairings?post=3524"},{"taxonomy":"grapes","embeddable":true,"href":"https:\/\/winesandco.eu\/en-gb\/wp-json\/wp\/v2\/grapes?post=3524"},{"taxonomy":"regions","embeddable":true,"href":"https:\/\/winesandco.eu\/en-gb\/wp-json\/wp\/v2\/regions?post=3524"}],"curies":[{"name":"wp","href":"https:\/\/api.w.org\/{rel}","templated":true}]}}